{"id":62,"date":"2021-03-29T12:58:45","date_gmt":"2021-03-29T10:58:45","guid":{"rendered":"http:\/\/bip.mops.malbork.pl\/?page_id=62"},"modified":"2025-07-30T16:48:50","modified_gmt":"2025-07-30T14:48:50","slug":"dane-kontaktowe","status":"publish","type":"page","link":"https:\/\/bip.mops.malbork.pl\/index.php\/dane-kontaktowe\/","title":{"rendered":"Dane kontaktowe"},"content":{"rendered":"\n<p><strong>Miejski O\u015brodek Pomocy Spo\u0142ecznej<\/strong><br><strong>ul.S\u0142owackiego 74, 82-200 Malbork<\/strong><\/p>\n\n\n\n<div style=\"height:16px\" aria-hidden=\"true\" class=\"wp-block-spacer\"><\/div>\n\n\n\n<p>godziny otwarcia 7:00-15:00<\/p>\n\n\n\n<div style=\"height:20px\" aria-hidden=\"true\" class=\"wp-block-spacer\"><\/div>\n\n\n\n<p><strong>tel. 55 647-27-81<br>fax 55 647-27-81 wew. 28<br><\/strong><\/p>\n\n\n\n<div style=\"height:17px\" aria-hidden=\"true\" class=\"wp-block-spacer\"><\/div>\n\n\n\n<p>adres e-mail : sekretariat@mops.malbork.pl<\/p>\n\n\n\n<p>adres skrytki <a href=\"https:\/\/epuap.gov.pl\/wps\/portal\/strefa-klienta\/katalog-spraw\/profil-urzedu\/mopsmalbork\">ePUAP<\/a>: \/mopsmalbork\/SkrytkaESP<\/p>\n\n\n\n<p><a href=\"https:\/\/edoreczenia.gov.pl\/\">e-Dor\u0119czenia<\/a>: AE:PL-33863-84467-WTSJH-21<\/p>\n\n\n\n<div style=\"height:23px\" aria-hidden=\"true\" class=\"wp-block-spacer\"><\/div>\n\n\n\n<p><strong>Dyrektor mgr. Jacek Wojtuszkiewicz<\/strong><\/p>\n\n\n\n<div style=\"height:18px\" aria-hidden=\"true\" class=\"wp-block-spacer\"><\/div>\n\n\n\n<p>przyjmuje interesant\u00f3w w poniedzia\u0142ki i \u015brody w godz. 8.00-15.00<\/p>\n\n\n\n<div style=\"height:23px\" aria-hidden=\"true\" class=\"wp-block-spacer\"><\/div>\n\n\n\n<p>Zast\u0119pstwo w czasie nieobecno\u015bci dyrektora pe\u0142ni <strong>Zast\u0119pca dyrektora<\/strong><\/p>\n\n\n\n<div style=\"height:22px\" aria-hidden=\"true\" class=\"wp-block-spacer\"><\/div>\n\n\n\n<p><strong>mgr. Ma\u0142gorzata Wojciechowska<\/strong><br><\/p>\n\n\n\n<div style=\"height:19px\" aria-hidden=\"true\" class=\"wp-block-spacer\"><\/div>\n\n\n\n<p><strong>tel.55 647 27 81 wew.30<\/strong><\/p>\n\n\n\n<hr class=\"wp-block-separator has-css-opacity\"\/>\n\n\n\n<p><strong>SEKRETARIAT<\/strong><\/p>\n\n\n\n<div style=\"height:21px\" aria-hidden=\"true\" class=\"wp-block-spacer\"><\/div>\n\n\n\n<p><strong>Inspektor<\/strong><\/p>\n\n\n\n<p>Paulina Karbowiak<br>sekretariat@mops.malbork.pl<br>tel. wew. 10<\/p>\n\n\n\n<hr class=\"wp-block-separator has-css-opacity\"\/>\n\n\n\n<p><strong>Zesp\u00f3\u0142 interdyscyplinarny<\/strong><\/p>\n\n\n\n<div style=\"height:20px\" aria-hidden=\"true\" class=\"wp-block-spacer\"><\/div>\n\n\n\n<p><strong><strong>Specjalista ds. interdyscyplinarnych<\/strong><\/strong><br>Dorota Andrysiewicz<br>dorota.andrysiewicz@mops.malbork.pl<br>tel. wew. 38<\/p>\n\n\n\n<hr class=\"wp-block-separator has-css-opacity\"\/>\n\n\n\n<p><strong>KADRY<\/strong><\/p>\n\n\n\n<div style=\"height:21px\" aria-hidden=\"true\" class=\"wp-block-spacer\"><\/div>\n\n\n\n<p><strong><strong>Podinspektor ds. kadr<\/strong><\/strong><\/p>\n\n\n\n<p>Karolina Pyrzy\u0144ska<\/p>\n\n\n\n<p>kpyrzynska@mops.malbork.pl<br>tel. wew. 16<\/p>\n\n\n\n<hr class=\"wp-block-separator has-css-opacity\"\/>\n\n\n\n<p><strong>ADMINISTRACJA<\/strong><\/p>\n\n\n\n<div style=\"height:16px\" aria-hidden=\"true\" class=\"wp-block-spacer\"><\/div>\n\n\n\n<p><strong><strong>Specjalista <\/strong>ds. finasowo-gospodarczych<\/strong><br>Anna Wilczewska<br>awilczewska@mops.malbork.pl<br>tel. wew.34<\/p>\n\n\n\n<hr class=\"wp-block-separator has-css-opacity\"\/>\n\n\n\n<p><strong>US\u0141UGI OPIEKU\u0143CZE<\/strong><\/p>\n\n\n\n<div style=\"height:20px\" aria-hidden=\"true\" class=\"wp-block-spacer\"><\/div>\n\n\n\n<p><\/p>\n\n\n\n<p><strong>Inspektor<\/strong><\/p>\n\n\n\n<p>Katarzyna Czerska<\/p>\n\n\n\n<p>kczerska@mops.malbork.pl<\/p>\n\n\n\n<p>tel. wew. 35<\/p>\n\n\n\n<div style=\"height:26px\" aria-hidden=\"true\" class=\"wp-block-spacer\"><\/div>\n\n\n\n<p><strong>Inspektor referent ds. us\u0142ug opieku\u0144czych<\/strong><\/p>\n\n\n\n<p>Magdalena Dolata-S\u0142awuta<\/p>\n\n\n\n<p>mdolata@mops.malbork.pl<\/p>\n\n\n\n<p>tel. wew. 35<\/p>\n\n\n\n<div style=\"height:21px\" aria-hidden=\"true\" class=\"wp-block-spacer\"><\/div>\n\n\n\n<p><strong>Inspektor ds. us\u0142ug opieku\u0144czych<\/strong><\/p>\n\n\n\n<p>Ewa Falkiewicz<\/p>\n\n\n\n<p>efalkiewicz@mops.malbork.pl<\/p>\n\n\n\n<p>tel. wew. 35<\/p>\n\n\n\n<div style=\"height:17px\" aria-hidden=\"true\" class=\"wp-block-spacer\"><\/div>\n\n\n\n<p><\/p>\n\n\n\n<p><\/p>\n\n\n\n<p><\/p>\n\n\n\n<p><\/p>\n\n\n\n<hr class=\"wp-block-separator has-css-opacity\"\/>\n\n\n\n<p><strong>DZIA\u0141 \u015aWIADCZE\u0143 z zakresu pomocy spo\u0142ecznej<\/strong><\/p>\n\n\n\n<div style=\"height:23px\" aria-hidden=\"true\" class=\"wp-block-spacer\"><\/div>\n\n\n\n<p><strong>Starszy inspektor ds. \u015awiadcze\u0144<\/strong><\/p>\n\n\n\n<p>Lucyna \u015anios<\/p>\n\n\n\n<p>lucyna.snios@mops.malbork.pl<\/p>\n\n\n\n<div style=\"height:21px\" aria-hidden=\"true\" class=\"wp-block-spacer\"><\/div>\n\n\n\n<p><strong>Inspektor ds. \u015awiadcze\u0144<\/strong><\/p>\n\n\n\n<p>Jolanta Kowalczyk<\/p>\n\n\n\n<p>jkowalczyk@mops.malbork.pl<br>tel. wew. 13<\/p>\n\n\n\n<div style=\"height:23px\" aria-hidden=\"true\" class=\"wp-block-spacer\"><\/div>\n\n\n\n<p><strong>Starszy specjalista ds. \u015awiadcze\u0144<\/strong><\/p>\n\n\n\n<p>El\u017cbieta Janasek<br>elzbieta.janasek@mops.malbork.pl<\/p>\n\n\n\n<p>tel. wew. 24<\/p>\n\n\n\n<div style=\"height:20px\" aria-hidden=\"true\" class=\"wp-block-spacer\"><\/div>\n\n\n\n<p><strong>Starszy specjalista ds. \u015awiadcze\u0144<\/strong><\/p>\n\n\n\n<p>Edyta Tu\u0144ska<br>edyta.tunska@mops.malbork.pl<\/p>\n\n\n\n<p>tel. wew. 11<\/p>\n\n\n\n<hr class=\"wp-block-separator has-css-opacity\"\/>\n\n\n\n<p><strong>UBEZPIECZENIA<\/strong><\/p>\n\n\n\n<div style=\"height:19px\" aria-hidden=\"true\" class=\"wp-block-spacer\"><\/div>\n\n\n\n<p><strong>Starszy referent ds. \u015bwiadcze\u0144<\/strong><\/p>\n\n\n\n<p>Lenartowicz Justyna<\/p>\n\n\n\n<p>jlenartowicz@mops.malbork.pl<\/p>\n\n\n\n<p>tel.wew.13<br><\/p>\n\n\n\n<hr class=\"wp-block-separator has-css-opacity\"\/>\n\n\n\n<p><strong>KSI\u0118GOWO\u015a\u0106<\/strong><\/p>\n\n\n\n<div style=\"height:23px\" aria-hidden=\"true\" class=\"wp-block-spacer\"><\/div>\n\n\n\n<p><strong>G\u0142\u00f3wna ksi\u0119gowa<\/strong><br>Ewa Warta-Ka\u0142u\u017cna<br>ewarta@mops.malbork.pl<br>tel. wew. 12<\/p>\n\n\n\n<div style=\"height:17px\" aria-hidden=\"true\" class=\"wp-block-spacer\"><\/div>\n\n\n\n<p><strong>Starszy Specjalista<\/strong><\/p>\n\n\n\n<p>Magdalena Kochanowska<br>mkochanowska@mops.malbork.pl<\/p>\n\n\n\n<p>tel. wew. 24<\/p>\n\n\n\n<div style=\"height:22px\" aria-hidden=\"true\" class=\"wp-block-spacer\"><\/div>\n\n\n\n<p><strong>Specjalista<\/strong><\/p>\n\n\n\n<p>Monika Lemanowicz<br>mlemanowicz@mops.malbork.pl<\/p>\n\n\n\n<p>tel. wew. 12, 27<\/p>\n\n\n\n<div style=\"height:22px\" aria-hidden=\"true\" class=\"wp-block-spacer\"><\/div>\n\n\n\n<p><strong>Inspektor<\/strong><\/p>\n\n\n\n<p>Anna Zawadzka<\/p>\n\n\n\n<p>azawadzka@mops.malbork.pl<\/p>\n\n\n\n<p>tel.wew. 32<\/p>\n\n\n\n<div style=\"height:21px\" aria-hidden=\"true\" class=\"wp-block-spacer\"><\/div>\n\n\n\n<p><strong>Podinspektor ds. p\u0142ac<\/strong><\/p>\n\n\n\n<p>Ma\u0142gorzata Sienkiewicz<\/p>\n\n\n\n<p>msienkiewicz@mops.malbork.pl<\/p>\n\n\n\n<p>tel. wew. 16<\/p>\n\n\n\n<p><\/p>\n\n\n\n<div style=\"height:13px\" aria-hidden=\"true\" class=\"wp-block-spacer\"><\/div>\n\n\n\n<p><strong>Kasa<\/strong><\/p>\n\n\n\n<div style=\"height:20px\" aria-hidden=\"true\" class=\"wp-block-spacer\"><\/div>\n\n\n\n<p><strong>Starszy referent<br><\/strong>Marta Detmer<\/p>\n\n\n\n<p>mdetmer@mops.malbork.pl<\/p>\n\n\n\n<p>tel. wew. 25<\/p>\n\n\n\n<hr class=\"wp-block-separator has-css-opacity\"\/>\n\n\n\n<p><strong>SEKCJA \u015aWIADCZE\u0143 RODZINNYCH<br><\/strong><\/p>\n\n\n\n<div style=\"height:23px\" aria-hidden=\"true\" class=\"wp-block-spacer\"><\/div>\n\n\n\n<p>Budynek Starostwa Powiatowego w Malborku<br>\u2013 Parter<br>Pl. S\u0142owia\u0144ski 17<\/p>\n\n\n\n<div style=\"height:26px\" aria-hidden=\"true\" class=\"wp-block-spacer\"><\/div>\n\n\n\n<p><strong>Kierownik mgr Natalia Mleczek<\/strong><br>Pok\u00f3j Nr 18<br>natalia.mleczek@mops.malbork.pl<br>tel. 55 647-16-10<\/p>\n\n\n\n<div style=\"height:24px\" aria-hidden=\"true\" class=\"wp-block-spacer\"><\/div>\n\n\n\n<p><strong>Dzia\u0142 \u015awiadcze\u0144 Rodzinnych<\/strong><\/p>\n\n\n\n<ul class=\"wp-block-list\">\n<li>poniedzia\u0142ek: 8.00 do 14.00<\/li>\n\n\n\n<li>wtorek: 8.00 do 14.00<\/li>\n\n\n\n<li>\u015broda: 8.00 do 14.00<\/li>\n\n\n\n<li>czwartek: 8.00 do 14.00<\/li>\n\n\n\n<li>pi\u0105tek: nieczynne (praca administracyjna)<\/li>\n<\/ul>\n\n\n\n<div style=\"height:25px\" aria-hidden=\"true\" class=\"wp-block-spacer\"><\/div>\n\n\n\n<p><strong>\u015awiadczenia opieku\u0144cze, koordynacja system\u00f3w zabezpieczenia spo\u0142ecznego, ws. \u015bwiadcze\u0144 rodzinnych i \u015bwiadczenia wychowawczego \u2013 Pok\u00f3j Nr 17<\/strong><\/p>\n\n\n\n<p>Kierownik Natalia Mleczek<br>tel. 55 647-16-12<br>natalia.mleczek@mops.malbork.pl<\/p>\n\n\n\n<div style=\"height:23px\" aria-hidden=\"true\" class=\"wp-block-spacer\"><\/div>\n\n\n\n<p><strong>Windykacja, \u015bwiadczenia nienale\u017cnie pobrane, sprawozdawczo\u015b\u0107 \u2013 Pok\u00f3j Nr 17<\/strong><br>Starszy Specjalista Justyna Rutkowska<br>tel. 55 647-16-12<br>justyna.rutkowska@mops.malbork.pl<\/p>\n\n\n\n<div style=\"height:21px\" aria-hidden=\"true\" class=\"wp-block-spacer\"><\/div>\n\n\n\n<p><strong>Fundusz Alimentacyjny oraz post\u0119powanie wobec d\u0142u\u017cnik\u00f3w alimentacyjnych \u2013 Pok\u00f3j Nr 4<\/strong><\/p>\n\n\n\n<div style=\"height:20px\" aria-hidden=\"true\" class=\"wp-block-spacer\"><\/div>\n\n\n\n<p><strong>Sprawy wg literek A-K<\/strong><br>Inspektor Anna Wid\u017agowska<br>tel.55 647-16-11<br>awidzgowska@mops.malbork.pl<\/p>\n\n\n\n<div style=\"height:15px\" aria-hidden=\"true\" class=\"wp-block-spacer\"><\/div>\n\n\n\n<p><strong>Sprawy wg literek L-\u017b<\/strong><br>Starszy Specjalista Karina Mo\u017adzierz<br>tel. 55 647-16-05<br>karina.zajac@mops.malbork.pl<\/p>\n\n\n\n<div style=\"height:25px\" aria-hidden=\"true\" class=\"wp-block-spacer\"><\/div>\n\n\n\n<p><strong>\u015awiadczenia rodzinne, \u015bwiadczenie rodzicielskie \u2013 Pok\u00f3j Nr 5<\/strong><\/p>\n\n\n\n<p>Inspektor Joanna Kowalska \u2013 W\u0142odkowska<br>tel. 55 647-16-06<br>jkowalska@mops.malbork.pl<\/p>\n\n\n\n<div style=\"height:21px\" aria-hidden=\"true\" class=\"wp-block-spacer\"><\/div>\n\n\n\n<p><strong>Zasi\u0142ek piel\u0119gnacyjny, Karta Du\u017cej Rodziny, Jednorazowa Zapomoga z tyt. Urodzenia dziecka, jednorazowe \u015bwiadczenie \u201eZa \u017cyciem\u201d \u2013 Pok\u00f3j Nr 5<\/strong><\/p>\n\n\n\n<p>Starszy inspektor Beata Kapu\u015bci\u0144ska<br>tel.\/fax 55 647-16-08<br>beata.kapuscinska@mops.malbork.pl<\/p>\n\n\n\n<hr class=\"wp-block-separator has-css-opacity\"\/>\n\n\n\n<p><strong>STACJA SOCJALNA JOHANIT\u00d3W<\/strong><\/p>\n\n\n\n<p>tel. wew. 23<br>Wies\u0142awa Dolatta<\/p>\n\n\n\n<p>wdolatta@mops.malbork.pl<br><\/p>\n\n\n\n<p>Alicja Osi\u0144ska<\/p>\n<!-- PMB print buttons is only displayed on a single post\/page URLs-->","protected":false},"excerpt":{"rendered":"<p>Miejski O\u015brodek Pomocy Spo\u0142ecznejul.S\u0142owackiego 74, 82-200 Malbork godziny otwarcia 7:00-15:00 tel. 55 647-27-81fax 55 647-27-81 wew. 28 adres e-mail : sekretariat@mops.malbork.pl adres skrytki ePUAP: \/mopsmalbork\/SkrytkaESP e-Dor\u0119czenia: AE:PL-33863-84467-WTSJH-21 Dyrektor mgr. Jacek Wojtuszkiewicz przyjmuje interesant\u00f3w w poniedzia\u0142ki i \u015brody w godz. 8.00-15.00 Zast\u0119pstwo w czasie nieobecno\u015bci dyrektora pe\u0142ni Zast\u0119pca dyrektora mgr. Ma\u0142gorzata Wojciechowska tel.55 647 27 81 [&hellip;]<\/p>\n","protected":false},"author":1,"featured_media":0,"parent":0,"menu_order":0,"comment_status":"closed","ping_status":"closed","template":"","meta":{"footnotes":""},"coauthors":[4],"class_list":["post-62","page","type-page","status-publish","hentry"],"_links":{"self":[{"href":"https:\/\/bip.mops.malbork.pl\/index.php\/wp-json\/wp\/v2\/pages\/62","targetHints":{"allow":["GET"]}}],"collection":[{"href":"https:\/\/bip.mops.malbork.pl\/index.php\/wp-json\/wp\/v2\/pages"}],"about":[{"href":"https:\/\/bip.mops.malbork.pl\/index.php\/wp-json\/wp\/v2\/types\/page"}],"author":[{"embeddable":true,"href":"https:\/\/bip.mops.malbork.pl\/index.php\/wp-json\/wp\/v2\/users\/1"}],"replies":[{"embeddable":true,"href":"https:\/\/bip.mops.malbork.pl\/index.php\/wp-json\/wp\/v2\/comments?post=62"}],"version-history":[{"count":17,"href":"https:\/\/bip.mops.malbork.pl\/index.php\/wp-json\/wp\/v2\/pages\/62\/revisions"}],"predecessor-version":[{"id":1017,"href":"https:\/\/bip.mops.malbork.pl\/index.php\/wp-json\/wp\/v2\/pages\/62\/revisions\/1017"}],"wp:attachment":[{"href":"https:\/\/bip.mops.malbork.pl\/index.php\/wp-json\/wp\/v2\/media?parent=62"}],"wp:term":[{"taxonomy":"author","embeddable":true,"href":"https:\/\/bip.mops.malbork.pl\/index.php\/wp-json\/wp\/v2\/coauthors?post=62"}],"curies":[{"name":"wp","href":"https:\/\/api.w.org\/{rel}","templated":true}]}}