{"id":59,"date":"2021-03-29T12:45:15","date_gmt":"2021-03-29T10:45:15","guid":{"rendered":"http:\/\/bip.mops.malbork.pl\/?page_id=59"},"modified":"2021-03-29T12:45:16","modified_gmt":"2021-03-29T10:45:16","slug":"adres-redakcji-biuletynu","status":"publish","type":"page","link":"https:\/\/bip.mops.malbork.pl\/index.php\/adres-redakcji-biuletynu\/","title":{"rendered":"Adres redakcji Biuletynu"},"content":{"rendered":"\n<p>MIEJSKI O\u015aRODEK POMOCY SPO\u0141ECZNEJ<br>Sekcja \u015awiadcze\u0144 Rodzinnych<br>ul. S\u0142owackiego 74<br>82-200 Malbork<br>tel. 55 647-27-81<br>adres e-mail : <a href=\"mailto:sekretariat@mops.malbork.pl\">sekretariat@mops.malbork.pl<\/a><\/p>\n<!-- PMB print buttons is only displayed on a single post\/page URLs-->","protected":false},"excerpt":{"rendered":"<p>MIEJSKI O\u015aRODEK POMOCY SPO\u0141ECZNEJSekcja \u015awiadcze\u0144 Rodzinnychul. S\u0142owackiego 7482-200 Malborktel. 55 647-27-81adres e-mail : sekretariat@mops.malbork.pl<\/p>\n","protected":false},"author":1,"featured_media":0,"parent":0,"menu_order":0,"comment_status":"closed","ping_status":"closed","template":"","meta":{"footnotes":""},"coauthors":[4],"class_list":["post-59","page","type-page","status-publish","hentry"],"_links":{"self":[{"href":"https:\/\/bip.mops.malbork.pl\/index.php\/wp-json\/wp\/v2\/pages\/59","targetHints":{"allow":["GET"]}}],"collection":[{"href":"https:\/\/bip.mops.malbork.pl\/index.php\/wp-json\/wp\/v2\/pages"}],"about":[{"href":"https:\/\/bip.mops.malbork.pl\/index.php\/wp-json\/wp\/v2\/types\/page"}],"author":[{"embeddable":true,"href":"https:\/\/bip.mops.malbork.pl\/index.php\/wp-json\/wp\/v2\/users\/1"}],"replies":[{"embeddable":true,"href":"https:\/\/bip.mops.malbork.pl\/index.php\/wp-json\/wp\/v2\/comments?post=59"}],"version-history":[{"count":1,"href":"https:\/\/bip.mops.malbork.pl\/index.php\/wp-json\/wp\/v2\/pages\/59\/revisions"}],"predecessor-version":[{"id":60,"href":"https:\/\/bip.mops.malbork.pl\/index.php\/wp-json\/wp\/v2\/pages\/59\/revisions\/60"}],"wp:attachment":[{"href":"https:\/\/bip.mops.malbork.pl\/index.php\/wp-json\/wp\/v2\/media?parent=59"}],"wp:term":[{"taxonomy":"author","embeddable":true,"href":"https:\/\/bip.mops.malbork.pl\/index.php\/wp-json\/wp\/v2\/coauthors?post=59"}],"curies":[{"name":"wp","href":"https:\/\/api.w.org\/{rel}","templated":true}]}}