{"id":25,"date":"2021-03-28T13:32:17","date_gmt":"2021-03-28T11:32:17","guid":{"rendered":"https:\/\/bip.mops.malbork.pl\/?page_id=25"},"modified":"2021-03-29T12:33:47","modified_gmt":"2021-03-29T10:33:47","slug":"redakcja-bip","status":"publish","type":"page","link":"https:\/\/bip.mops.malbork.pl\/index.php\/redakcja-bip\/","title":{"rendered":"Redakcja BIP"},"content":{"rendered":"\n<p>Tre\u015bci publikowane w BIP Mops w Malborku odpowiadaj\u0105 pracownicy na samodzielnych stanowiskach pracy.<\/p>\n\n\n\n<ul class=\"wp-block-list\"><li><strong>Arkadiusz Pop\u0142awski<\/strong><br>Redaktor i administrator BIP<\/li><\/ul>\n\n\n\n<p><\/p>\n<!-- PMB print buttons is only displayed on a single post\/page URLs-->","protected":false},"excerpt":{"rendered":"<p>Tre\u015bci publikowane w BIP Mops w Malborku odpowiadaj\u0105 pracownicy na samodzielnych stanowiskach pracy. Arkadiusz Pop\u0142awskiRedaktor i administrator BIP<\/p>\n","protected":false},"author":1,"featured_media":0,"parent":0,"menu_order":0,"comment_status":"closed","ping_status":"closed","template":"","meta":{"footnotes":""},"coauthors":[4],"class_list":["post-25","page","type-page","status-publish","hentry"],"_links":{"self":[{"href":"https:\/\/bip.mops.malbork.pl\/index.php\/wp-json\/wp\/v2\/pages\/25","targetHints":{"allow":["GET"]}}],"collection":[{"href":"https:\/\/bip.mops.malbork.pl\/index.php\/wp-json\/wp\/v2\/pages"}],"about":[{"href":"https:\/\/bip.mops.malbork.pl\/index.php\/wp-json\/wp\/v2\/types\/page"}],"author":[{"embeddable":true,"href":"https:\/\/bip.mops.malbork.pl\/index.php\/wp-json\/wp\/v2\/users\/1"}],"replies":[{"embeddable":true,"href":"https:\/\/bip.mops.malbork.pl\/index.php\/wp-json\/wp\/v2\/comments?post=25"}],"version-history":[{"count":4,"href":"https:\/\/bip.mops.malbork.pl\/index.php\/wp-json\/wp\/v2\/pages\/25\/revisions"}],"predecessor-version":[{"id":57,"href":"https:\/\/bip.mops.malbork.pl\/index.php\/wp-json\/wp\/v2\/pages\/25\/revisions\/57"}],"wp:attachment":[{"href":"https:\/\/bip.mops.malbork.pl\/index.php\/wp-json\/wp\/v2\/media?parent=25"}],"wp:term":[{"taxonomy":"author","embeddable":true,"href":"https:\/\/bip.mops.malbork.pl\/index.php\/wp-json\/wp\/v2\/coauthors?post=25"}],"curies":[{"name":"wp","href":"https:\/\/api.w.org\/{rel}","templated":true}]}}