{"id":22,"date":"2021-03-28T13:31:13","date_gmt":"2021-03-28T11:31:13","guid":{"rendered":"https:\/\/bip.mops.malbork.pl\/?page_id=22"},"modified":"2021-03-29T12:31:45","modified_gmt":"2021-03-29T10:31:45","slug":"instrukcja-korzystania-z-bip","status":"publish","type":"page","link":"https:\/\/bip.mops.malbork.pl\/index.php\/instrukcja-korzystania-z-bip\/","title":{"rendered":"Instrukcja korzystania z BIP"},"content":{"rendered":"\n<h3 class=\"wp-block-heading\">Biuletyn Informacji Publicznej sk\u0142ada si\u0119 z czterech element\u00f3w<\/h3>\n\n\n\n<ul class=\"wp-block-list\"><li>Nag\u0142\u00f3wka<\/li><li>Menu w postaci kolumny kt\u00f3re jest po lewej (w wersji mobilnej pojawia si\u0119 ono od g\u00f3ry)<\/li><li>Pole prezentacji<\/li><li>Stopka<\/li><\/ul>\n\n\n\n<h3 class=\"wp-block-heading\">Nag\u0142\u00f3wek<\/h3>\n\n\n\n<p>Nag\u0142\u00f3wek jest na samej g\u00f3rze strony. Sk\u0142ada si\u0119 z: pe\u0142nej nazwy strony; mo\u017cliwo\u015bci powi\u0119kszenia czcionki na stronie; przycisku do w\u0142\u0105czenia trybu du\u017cego kontrastu; odno\u015bnik do deklaracji dost\u0119pno\u015bci; modu\u0142 wyszukuj\u0105cy.<br>Poni\u017cej od tych element\u00f3w znajduje si\u0119 logo BIP z odno\u015bnikiem do strony rz\u0105dowej BIP oraz po prawej logo Miejskiego O\u015brodka Spo\u0142ecznego w Malborku kt\u00f3re tak\u017ce jest odno\u015bnikiem do strony.<\/p>\n\n\n\n<h3 class=\"wp-block-heading\">Kolumna Menu<\/h3>\n\n\n\n<p>Kolumna Menu zawiera niezb\u0119dne do poruszania si\u0119 rzeczy oraz cz\u0119sto przydatne informacje, tak jak ta instrukcja.<\/p>\n\n\n\n<h3 class=\"wp-block-heading\">Pole Prezentacji<\/h3>\n\n\n\n<p>Pole prezentacji jest umiejscowione po prawej od kolumny menu. Pokazuje ona aktualnie wybrane informacje w formie szczeg\u00f3\u0142owej. Ten tekst jest umiejscowiony w polu prezentacji.<\/p>\n\n\n\n<h3 class=\"wp-block-heading\">Stopka<\/h3>\n\n\n\n<p>Stopka znajduje si\u0119 na samym dole strony. Pokazuje ona z lewej tekst &#8222;Biuletyn Informacji Publicznej Miejskiego O\u015brodka Pomocy Spo\u0142ecznej w Malborku \u00a9 2021&#8221; a z prawej tekst kto stworzy\u0142 stron\u0119.<\/p>\n<!-- PMB print buttons is only displayed on a single post\/page URLs-->","protected":false},"excerpt":{"rendered":"<p>Biuletyn Informacji Publicznej sk\u0142ada si\u0119 z czterech element\u00f3w Nag\u0142\u00f3wka Menu w postaci kolumny kt\u00f3re jest po lewej (w wersji mobilnej pojawia si\u0119 ono od g\u00f3ry) Pole prezentacji Stopka Nag\u0142\u00f3wek Nag\u0142\u00f3wek jest na samej g\u00f3rze strony. Sk\u0142ada si\u0119 z: pe\u0142nej nazwy strony; mo\u017cliwo\u015bci powi\u0119kszenia czcionki na stronie; przycisku do w\u0142\u0105czenia trybu du\u017cego kontrastu; odno\u015bnik do deklaracji [&hellip;]<\/p>\n","protected":false},"author":1,"featured_media":0,"parent":0,"menu_order":0,"comment_status":"closed","ping_status":"closed","template":"","meta":{"footnotes":""},"coauthors":[4],"class_list":["post-22","page","type-page","status-publish","hentry"],"_links":{"self":[{"href":"https:\/\/bip.mops.malbork.pl\/index.php\/wp-json\/wp\/v2\/pages\/22","targetHints":{"allow":["GET"]}}],"collection":[{"href":"https:\/\/bip.mops.malbork.pl\/index.php\/wp-json\/wp\/v2\/pages"}],"about":[{"href":"https:\/\/bip.mops.malbork.pl\/index.php\/wp-json\/wp\/v2\/types\/page"}],"author":[{"embeddable":true,"href":"https:\/\/bip.mops.malbork.pl\/index.php\/wp-json\/wp\/v2\/users\/1"}],"replies":[{"embeddable":true,"href":"https:\/\/bip.mops.malbork.pl\/index.php\/wp-json\/wp\/v2\/comments?post=22"}],"version-history":[{"count":4,"href":"https:\/\/bip.mops.malbork.pl\/index.php\/wp-json\/wp\/v2\/pages\/22\/revisions"}],"predecessor-version":[{"id":55,"href":"https:\/\/bip.mops.malbork.pl\/index.php\/wp-json\/wp\/v2\/pages\/22\/revisions\/55"}],"wp:attachment":[{"href":"https:\/\/bip.mops.malbork.pl\/index.php\/wp-json\/wp\/v2\/media?parent=22"}],"wp:term":[{"taxonomy":"author","embeddable":true,"href":"https:\/\/bip.mops.malbork.pl\/index.php\/wp-json\/wp\/v2\/coauthors?post=22"}],"curies":[{"name":"wp","href":"https:\/\/api.w.org\/{rel}","templated":true}]}}